{"id":3710,"date":"2023-11-21T17:59:47","date_gmt":"2023-11-21T17:59:47","guid":{"rendered":"https:\/\/aldimashqi-resturant.pro\/product\/griechischer-salat\/"},"modified":"2024-07-21T17:42:10","modified_gmt":"2024-07-21T17:42:10","slug":"griechischer-salat","status":"publish","type":"product","link":"https:\/\/aldimashqi-resturant.pro\/ar\/product\/griechischer-salat\/","title":{"rendered":"73 \u0633\u0644\u0637\u0629 \u064a\u0648\u0646\u0627\u0646\u064a\u0629"},"content":{"rendered":"","protected":false},"excerpt":{"rendered":"<p>Sensitivity number: A.7<\/p>\n<p>Eisbergsalat. schwarze Olive . K\u00e4sest\u00fccke. Kleine Tomaten. Minze. Oliven\u00f6l . S\u00e4ure. Karotte . Salz<\/p>\n","protected":false},"featured_media":5779,"comment_status":"open","ping_status":"closed","template":"","meta":[],"product_cat":[161,90,104],"product_tag":[],"class_list":["post-3710","product","type-product","status-publish","has-post-thumbnail","hentry","product_cat-salat-ar","product_cat-90","product_cat-104"],"acf":[],"_links":{"self":[{"href":"https:\/\/aldimashqi-resturant.pro\/ar\/wp-json\/wp\/v2\/product\/3710","targetHints":{"allow":["GET"]}}],"collection":[{"href":"https:\/\/aldimashqi-resturant.pro\/ar\/wp-json\/wp\/v2\/product"}],"about":[{"href":"https:\/\/aldimashqi-resturant.pro\/ar\/wp-json\/wp\/v2\/types\/product"}],"replies":[{"embeddable":true,"href":"https:\/\/aldimashqi-resturant.pro\/ar\/wp-json\/wp\/v2\/comments?post=3710"}],"wp:featuredmedia":[{"embeddable":true,"href":"https:\/\/aldimashqi-resturant.pro\/ar\/wp-json\/wp\/v2\/media\/5779"}],"wp:attachment":[{"href":"https:\/\/aldimashqi-resturant.pro\/ar\/wp-json\/wp\/v2\/media?parent=3710"}],"wp:term":[{"taxonomy":"product_cat","embeddable":true,"href":"https:\/\/aldimashqi-resturant.pro\/ar\/wp-json\/wp\/v2\/product_cat?post=3710"},{"taxonomy":"product_tag","embeddable":true,"href":"https:\/\/aldimashqi-resturant.pro\/ar\/wp-json\/wp\/v2\/product_tag?post=3710"}],"curies":[{"name":"wp","href":"https:\/\/api.w.org\/{rel}","templated":true}]}}