{"id":3590,"date":"2023-11-20T18:48:17","date_gmt":"2023-11-20T18:48:17","guid":{"rendered":"https:\/\/aldimashqi-resturant.pro\/product\/eier-mit-kase\/"},"modified":"2023-12-31T12:27:21","modified_gmt":"2023-12-31T12:27:21","slug":"eier-mit-kase","status":"publish","type":"product","link":"https:\/\/aldimashqi-resturant.pro\/ar\/product\/eier-mit-kase\/","title":{"rendered":"20 \u0628\u064a\u0636 \u0628\u0627\u0644\u062c\u0628\u0646"},"content":{"rendered":"","protected":false},"excerpt":{"rendered":"<p>Sensitivity number : A.B.G<\/p>\n<p>In \u00d6l gebratene Eier mit K\u00e4sest\u00fccken<\/p>\n","protected":false},"featured_media":3591,"comment_status":"open","ping_status":"closed","template":"","meta":[],"product_cat":[90,100],"product_tag":[],"class_list":["post-3590","product","type-product","status-publish","has-post-thumbnail","hentry","product_cat-90","product_cat-100"],"acf":[],"_links":{"self":[{"href":"https:\/\/aldimashqi-resturant.pro\/ar\/wp-json\/wp\/v2\/product\/3590","targetHints":{"allow":["GET"]}}],"collection":[{"href":"https:\/\/aldimashqi-resturant.pro\/ar\/wp-json\/wp\/v2\/product"}],"about":[{"href":"https:\/\/aldimashqi-resturant.pro\/ar\/wp-json\/wp\/v2\/types\/product"}],"replies":[{"embeddable":true,"href":"https:\/\/aldimashqi-resturant.pro\/ar\/wp-json\/wp\/v2\/comments?post=3590"}],"wp:featuredmedia":[{"embeddable":true,"href":"https:\/\/aldimashqi-resturant.pro\/ar\/wp-json\/wp\/v2\/media\/3591"}],"wp:attachment":[{"href":"https:\/\/aldimashqi-resturant.pro\/ar\/wp-json\/wp\/v2\/media?parent=3590"}],"wp:term":[{"taxonomy":"product_cat","embeddable":true,"href":"https:\/\/aldimashqi-resturant.pro\/ar\/wp-json\/wp\/v2\/product_cat?post=3590"},{"taxonomy":"product_tag","embeddable":true,"href":"https:\/\/aldimashqi-resturant.pro\/ar\/wp-json\/wp\/v2\/product_tag?post=3590"}],"curies":[{"name":"wp","href":"https:\/\/api.w.org\/{rel}","templated":true}]}}